{"id":1737,"date":"2023-01-31T18:39:17","date_gmt":"2023-01-31T17:39:17","guid":{"rendered":"https:\/\/fuchstransporte.org\/?page_id=1737"},"modified":"2025-02-16T14:39:02","modified_gmt":"2025-02-16T13:39:02","slug":"partnerschaftsanfrage","status":"publish","type":"page","link":"https:\/\/fuchstransporte.org\/en\/partnerschaftsanfrage\/","title":{"rendered":"Partnerschaftsanfrage"},"content":{"rendered":"\t\t<div data-elementor-type=\"wp-page\" data-elementor-id=\"1737\" class=\"elementor elementor-1737\" data-elementor-post-type=\"page\">\n\t\t\t\t\t\t<section class=\"elementor-section elementor-top-section elementor-element elementor-element-92b18db elementor-section-boxed elementor-section-height-default elementor-section-height-default syd-sticky-section-no aafe-cursor-effects-no\" data-id=\"92b18db\" data-element_type=\"section\" data-e-type=\"section\" data-settings=\"{&quot;aafe_cursor_switcher&quot;:&quot;no&quot;}\">\n\t\t\t\t\t\t<div class=\"elementor-container elementor-column-gap-default\">\n\t\t\t\t\t<div class=\"elementor-column elementor-col-100 elementor-top-column elementor-element elementor-element-f19ed87 syd-sticky-section-no aafe-cursor-effects-no\" data-id=\"f19ed87\" data-element_type=\"column\" data-e-type=\"column\" data-settings=\"{&quot;aafe_cursor_switcher&quot;:&quot;no&quot;}\">\n\t\t\t<div class=\"elementor-widget-wrap elementor-element-populated\">\n\t\t\t\t\t\t<div class=\"elementor-element elementor-element-69c0adb syd-sticky-section-no aafe-cursor-effects-no elementor-widget elementor-widget-accordion\" data-id=\"69c0adb\" data-element_type=\"widget\" data-e-type=\"widget\" data-settings=\"{&quot;aafe_cursor_switcher&quot;:&quot;no&quot;}\" data-widget_type=\"accordion.default\">\n\t\t\t\t<div class=\"elementor-widget-container\">\n\t\t\t\t\t\t\t<div class=\"elementor-accordion\">\n\t\t\t\t\t\t\t<div class=\"elementor-accordion-item\">\n\t\t\t\t\t<div id=\"elementor-tab-title-1101\" class=\"elementor-tab-title\" data-tab=\"1\" role=\"button\" aria-controls=\"elementor-tab-content-1101\" aria-expanded=\"false\">\n\t\t\t\t\t\t\t\t\t\t\t\t\t<span class=\"elementor-accordion-icon elementor-accordion-icon-left\" aria-hidden=\"true\">\n\t\t\t\t\t\t\t\t\t\t\t\t\t\t\t<span class=\"elementor-accordion-icon-closed\"><i class=\"fas fa-plus\"><\/i><\/span>\n\t\t\t\t\t\t\t\t<span class=\"elementor-accordion-icon-opened\"><i class=\"fas fa-minus\"><\/i><\/span>\n\t\t\t\t\t\t\t\t\t\t\t\t\t\t<\/span>\n\t\t\t\t\t\t\t\t\t\t\t\t<a class=\"elementor-accordion-title\" tabindex=\"0\">Partnerschafts Richtlinien<\/a>\n\t\t\t\t\t<\/div>\n\t\t\t\t\t<div id=\"elementor-tab-content-1101\" class=\"elementor-tab-content elementor-clearfix\" data-tab=\"1\" role=\"region\" aria-labelledby=\"elementor-tab-title-1101\"><h4>1\u00a7 Fahrten f\u00fcr Andere:<\/h4><ul><li>Jegliche Fahrten von Mitarbeitern durch Abrechnungsprogramme sind untersagt<\/li><li>beidseitigen Einverst\u00e4ndnis ist dies jederzeit m\u00f6glich<\/li><\/ul><h4>\u00a0<\/h4><h4>2\u00a7 Mitarbeitende:<\/h4><ul><li>d\u00fcrfen <em><strong>nicht Abgeworben<\/strong><\/em> werden von einem anderen<ul><li>durch Vorteilsnahme: h\u00f6here Positionen\u00a0<\/li><li>durch G\u00fctergeschenke: Steam Geschenkkarte usw.<\/li><\/ul><\/li><li><strong>ehem. Mitarbeite<\/strong> der <strong>Fuchs Transporte<\/strong>, FTSecurity und FTMedia:<ul><li>d\u00fcrfen eingestellt werden!<ul><li>nach mind. 3 Wochen nach K\u00fcndigung \/ Verlassen von uns!<\/li><\/ul><\/li><\/ul><\/li><li><strong>Auskunft \u00fcber<\/strong> ehem. \/ noch <strong>Mitarbeitende:<\/strong><ul><li>Anfragen \u00fcber Mitarbeiter<ul><li>m\u00fcssen an die Inhaber, Gesch\u00e4ftsf\u00fchrung oder Stellv. Gesch\u00e4ftsf\u00fchrung gestellt werden.<\/li><li>teileweise nur Unter Einverst\u00e4ndnis des Fahrers!\u00a0<\/li><\/ul><\/li><li>Wir verpflichten uns des weiteren dies bei ehemaligen Mitarbeitern um unn\u00f6tigen Interessenkonflikten aus dem Weg zu gehen.<\/li><\/ul><\/li><\/ul><\/div>\n\t\t\t\t<\/div>\n\t\t\t\t\t\t\t\t<\/div>\n\t\t\t\t\t\t<\/div>\n\t\t\t\t<\/div>\n\t\t\t\t<div class=\"elementor-element elementor-element-39ddcf1 elementor-button-align-stretch syd-sticky-section-no aafe-cursor-effects-no elementor-widget elementor-widget-form\" data-id=\"39ddcf1\" data-element_type=\"widget\" data-e-type=\"widget\" data-settings=\"{&quot;step_next_label&quot;:&quot;N\\u00e4chster&quot;,&quot;step_previous_label&quot;:&quot;Voriger&quot;,&quot;step_type&quot;:&quot;icon&quot;,&quot;button_width&quot;:&quot;100&quot;,&quot;step_icon_shape&quot;:&quot;circle&quot;,&quot;aafe_cursor_switcher&quot;:&quot;no&quot;}\" data-widget_type=\"form.default\">\n\t\t\t\t<div class=\"elementor-widget-container\">\n\t\t\t\t\t\t\t<form class=\"elementor-form\" method=\"post\" name=\"Neues Formular\" aria-label=\"Neues Formular\">\n\t\t\t<input type=\"hidden\" name=\"post_id\" value=\"1737\"\/>\n\t\t\t<input type=\"hidden\" name=\"form_id\" value=\"39ddcf1\"\/>\n\t\t\t<input type=\"hidden\" name=\"referer_title\" value=\"Partnerschaftsanfrage | Fuchs Transporte\" \/>\n\n\t\t\t\t\t\t\t<input type=\"hidden\" name=\"queried_id\" value=\"1737\"\/>\n\t\t\t\n\t\t\t<div class=\"elementor-form-fields-wrapper elementor-labels-above\">\n\t\t\t\t\t\t\t\t<div class=\"elementor-field-type-step elementor-field-group elementor-column elementor-field-group-field_7f03e44 elementor-col-100\">\n\t\t\t\t\t\t\t<div class=\"e-field-step elementor-hidden\" data-label=\"\" data-previousButton=\"\" data-nextButton=\"\" data-iconUrl=\"\" data-iconLibrary=\"fas fa-user\" data-icon=\"\" ><\/div>\n\n\t\t\t\t\t\t<\/div>\n\t\t\t\t\t\t\t\t<div class=\"elementor-field-type-text elementor-field-group elementor-column elementor-field-group-name elementor-col-50 elementor-field-required elementor-mark-required\">\n\t\t\t\t\t\t\t\t\t\t\t\t<label for=\"form-field-name\" class=\"elementor-field-label\">\n\t\t\t\t\t\t\t\tSpeditionsname:\t\t\t\t\t\t\t<\/label>\n\t\t\t\t\t\t\t\t\t\t\t\t\t\t<input size=\"1\" type=\"text\" name=\"form_fields[name]\" id=\"form-field-name\" class=\"elementor-field elementor-size-sm  elementor-field-textual\" placeholder=\"Fuchs Transporte\" required=\"required\">\n\t\t\t\t\t\t\t\t\t\t\t<\/div>\n\t\t\t\t\t\t\t\t<div class=\"elementor-field-type-email elementor-field-group elementor-column elementor-field-group-email elementor-col-50 elementor-field-required elementor-mark-required\">\n\t\t\t\t\t\t\t\t\t\t\t\t<label for=\"form-field-email\" class=\"elementor-field-label\">\n\t\t\t\t\t\t\t\tE-Mail\t\t\t\t\t\t\t<\/label>\n\t\t\t\t\t\t\t\t\t\t\t\t\t\t<input size=\"1\" type=\"email\" name=\"form_fields[email]\" id=\"form-field-email\" class=\"elementor-field elementor-size-sm  elementor-field-textual\" placeholder=\"E-Mail\" required=\"required\">\n\t\t\t\t\t\t\t\t\t\t\t<\/div>\n\t\t\t\t\t\t\t\t<div class=\"elementor-field-type-url elementor-field-group elementor-column elementor-field-group-message elementor-col-50\">\n\t\t\t\t\t\t\t\t\t\t\t\t<label for=\"form-field-message\" class=\"elementor-field-label\">\n\t\t\t\t\t\t\t\tWebseite\t\t\t\t\t\t\t<\/label>\n\t\t\t\t\t\t\t\t\t\t\t\t\t\t<input size=\"1\" type=\"url\" name=\"form_fields[message]\" id=\"form-field-message\" class=\"elementor-field elementor-size-sm  elementor-field-textual\" placeholder=\"https:\/\/fuchstransporte.org\/\">\n\t\t\t\t\t\t\t\t\t\t\t<\/div>\n\t\t\t\t\t\t\t\t<div class=\"elementor-field-type-url elementor-field-group elementor-column elementor-field-group-field_d9d889d elementor-col-50 elementor-field-required elementor-mark-required\">\n\t\t\t\t\t\t\t\t\t\t\t\t<label for=\"form-field-field_d9d889d\" class=\"elementor-field-label\">\n\t\t\t\t\t\t\t\tDiscord Einladung:\t\t\t\t\t\t\t<\/label>\n\t\t\t\t\t\t\t\t\t\t\t\t\t\t<input size=\"1\" type=\"url\" name=\"form_fields[field_d9d889d]\" id=\"form-field-field_d9d889d\" class=\"elementor-field elementor-size-sm  elementor-field-textual\" placeholder=\"https:\/\/discord.gg\/83ft83\" required=\"required\">\n\t\t\t\t\t\t\t\t\t\t\t<\/div>\n\t\t\t\t\t\t\t\t<div class=\"elementor-field-type-text elementor-field-group elementor-column elementor-field-group-field_1a27f4d elementor-col-50 elementor-field-required elementor-mark-required\">\n\t\t\t\t\t\t\t\t\t\t\t\t<label for=\"form-field-field_1a27f4d\" class=\"elementor-field-label\">\n\t\t\t\t\t\t\t\tAnsprechpartner:\t\t\t\t\t\t\t<\/label>\n\t\t\t\t\t\t\t\t\t\t\t\t\t\t<input size=\"1\" type=\"text\" name=\"form_fields[field_1a27f4d]\" id=\"form-field-field_1a27f4d\" class=\"elementor-field elementor-size-sm  elementor-field-textual\" placeholder=\"Dominik \" required=\"required\">\n\t\t\t\t\t\t\t\t\t\t\t<\/div>\n\t\t\t\t\t\t\t\t<div class=\"elementor-field-type-step elementor-field-group elementor-column elementor-field-group-field_4408c10 elementor-col-100\">\n\t\t\t\t\t\t\t<div class=\"e-field-step elementor-hidden\" data-label=\"\" data-previousButton=\"\" data-nextButton=\"\" data-iconUrl=\"\" data-iconLibrary=\"fas fa-info\" data-icon=\"\" ><\/div>\n\n\t\t\t\t\t\t<\/div>\n\t\t\t\t\t\t\t\t<div class=\"elementor-field-type-date elementor-field-group elementor-column elementor-field-group-field_5a9892c elementor-col-50 elementor-field-required elementor-mark-required\">\n\t\t\t\t\t\t\t\t\t\t\t\t<label for=\"form-field-field_5a9892c\" class=\"elementor-field-label\">\n\t\t\t\t\t\t\t\tGr\u00fcndung\t\t\t\t\t\t\t<\/label>\n\t\t\t\t\t\t\n\t\t<input type=\"date\" name=\"form_fields[field_5a9892c]\" id=\"form-field-field_5a9892c\" class=\"elementor-field elementor-size-sm  elementor-field-textual elementor-date-field\" placeholder=\"04.04.2020\" required=\"required\" pattern=\"[0-9]{4}-[0-9]{2}-[0-9]{2}\">\n\t\t\t\t\t\t<\/div>\n\t\t\t\t\t\t\t\t<div class=\"elementor-field-type-number elementor-field-group elementor-column elementor-field-group-field_2b23741 elementor-col-50 elementor-field-required elementor-mark-required\">\n\t\t\t\t\t\t\t\t\t\t\t\t<label for=\"form-field-field_2b23741\" class=\"elementor-field-label\">\n\t\t\t\t\t\t\t\tFahrer \/ Mitarbeiter:\t\t\t\t\t\t\t<\/label>\n\t\t\t\t\t\t\t\t\t<input type=\"number\" name=\"form_fields[field_2b23741]\" id=\"form-field-field_2b23741\" class=\"elementor-field elementor-size-sm  elementor-field-textual\" required=\"required\" min=\"\" max=\"\" >\n\t\t\t\t\t\t<\/div>\n\t\t\t\t\t\t\t\t<div class=\"elementor-field-type-checkbox elementor-field-group elementor-column elementor-field-group-field_332a888 elementor-col-50\">\n\t\t\t\t\t\t\t\t\t\t\t\t<label for=\"form-field-field_332a888\" class=\"elementor-field-label\">\n\t\t\t\t\t\t\t\tSystemnutzung:\t\t\t\t\t\t\t<\/label>\n\t\t\t\t\t\t<div class=\"elementor-field-subgroup  \"><span class=\"elementor-field-option\"><input type=\"checkbox\" value=\"Trucksbook\" id=\"form-field-field_332a888-0\" name=\"form_fields[field_332a888][]\"> <label for=\"form-field-field_332a888-0\">Trucksbook<\/label><\/span><span class=\"elementor-field-option\"><input type=\"checkbox\" value=\"SpedV\" id=\"form-field-field_332a888-1\" name=\"form_fields[field_332a888][]\"> <label for=\"form-field-field_332a888-1\">SpedV<\/label><\/span><span class=\"elementor-field-option\"><input type=\"checkbox\" value=\"Trucky\" id=\"form-field-field_332a888-2\" name=\"form_fields[field_332a888][]\"> <label for=\"form-field-field_332a888-2\">Trucky<\/label><\/span><span class=\"elementor-field-option\"><input type=\"checkbox\" value=\"Media kein System!\" id=\"form-field-field_332a888-3\" name=\"form_fields[field_332a888][]\"> <label for=\"form-field-field_332a888-3\">Media kein System!<\/label><\/span><\/div>\t\t\t\t<\/div>\n\t\t\t\t\t\t\t\t<div class=\"elementor-field-type-checkbox elementor-field-group elementor-column elementor-field-group-field_b1c3435 elementor-col-50\">\n\t\t\t\t\t\t\t\t\t\t\t\t<label for=\"form-field-field_b1c3435\" class=\"elementor-field-label\">\n\t\t\t\t\t\t\t\tWo f\u00e4hrt ihr?\t\t\t\t\t\t\t<\/label>\n\t\t\t\t\t\t<div class=\"elementor-field-subgroup  \"><span class=\"elementor-field-option\"><input type=\"checkbox\" value=\"Europa\" id=\"form-field-field_b1c3435-0\" name=\"form_fields[field_b1c3435][]\"> <label for=\"form-field-field_b1c3435-0\">Europa<\/label><\/span><span class=\"elementor-field-option\"><input type=\"checkbox\" value=\"Amerika\" id=\"form-field-field_b1c3435-1\" name=\"form_fields[field_b1c3435][]\"> <label for=\"form-field-field_b1c3435-1\">Amerika<\/label><\/span><\/div>\t\t\t\t<\/div>\n\t\t\t\t\t\t\t\t<div class=\"elementor-field-type-step elementor-field-group elementor-column elementor-field-group-field_9749e42 elementor-col-100\">\n\t\t\t\t\t\t\t<div class=\"e-field-step elementor-hidden\" data-label=\"Anfrage\" data-previousButton=\"\" data-nextButton=\"\" data-iconUrl=\"\" data-iconLibrary=\"far fa-edit\" data-icon=\"\" ><\/div>\n\n\t\t\t\t\t\t<\/div>\n\t\t\t\t\t\t\t\t<div class=\"elementor-field-type-textarea elementor-field-group elementor-column elementor-field-group-field_d0f253e elementor-col-100\">\n\t\t\t\t\t\t\t\t\t\t\t\t<label for=\"form-field-field_d0f253e\" class=\"elementor-field-label\">\n\t\t\t\t\t\t\t\tBewerben\t\t\t\t\t\t\t<\/label>\n\t\t\t\t\t\t<textarea class=\"elementor-field-textual elementor-field  elementor-size-sm\" name=\"form_fields[field_d0f253e]\" id=\"form-field-field_d0f253e\" rows=\"4\"><\/textarea>\t\t\t\t<\/div>\n\t\t\t\t\t\t\t\t<div class=\"elementor-field-type-date elementor-field-group elementor-column elementor-field-group-field_20a8241 elementor-col-50 elementor-field-required elementor-mark-required\">\n\t\t\t\t\t\t\t\t\t\t\t\t<label for=\"form-field-field_20a8241\" class=\"elementor-field-label\">\n\t\t\t\t\t\t\t\tsoll am Starten: (14 Tage Abstand zur Anfrage!)\t\t\t\t\t\t\t<\/label>\n\t\t\t\t\t\t\n\t\t<input type=\"date\" name=\"form_fields[field_20a8241]\" id=\"form-field-field_20a8241\" class=\"elementor-field elementor-size-sm  elementor-field-textual elementor-date-field\" placeholder=\"01.01.2025\" required=\"required\" pattern=\"[0-9]{4}-[0-9]{2}-[0-9]{2}\" min=\"2025-01-01\">\n\t\t\t\t\t\t<\/div>\n\t\t\t\t\t\t\t\t<div class=\"elementor-field-type-upload elementor-field-group elementor-column elementor-field-group-field_42fe169 elementor-col-50 elementor-field-required elementor-mark-required\">\n\t\t\t\t\t\t\t\t\t\t\t\t<label for=\"form-field-field_42fe169\" class=\"elementor-field-label\">\n\t\t\t\t\t\t\t\tEuerer Logo:\t\t\t\t\t\t\t<\/label>\n\t\t\t\t\t\t\t\t<input type=\"file\" name=\"form_fields[field_42fe169][]\" id=\"form-field-field_42fe169\" class=\"elementor-field elementor-size-sm  elementor-upload-field\" required=\"required\" multiple=\"multiple\" data-maxsize=\"200\" data-maxsize-message=\"This file exceeds the maximum allowed size.\">\n\n\t\t\t\t\t\t<\/div>\n\t\t\t\t\t\t\t\t<div class=\"elementor-field-group elementor-column elementor-field-type-submit elementor-col-100 e-form__buttons\">\n\t\t\t\t\t<button class=\"elementor-button elementor-size-sm\" type=\"submit\">\n\t\t\t\t\t\t<span class=\"elementor-button-content-wrapper\">\n\t\t\t\t\t\t\t\t\t\t\t\t\t\t\t\t\t\t\t\t\t\t<span class=\"elementor-button-text\">Senden<\/span>\n\t\t\t\t\t\t\t\t\t\t\t\t\t<\/span>\n\t\t\t\t\t<\/button>\n\t\t\t\t<\/div>\n\t\t\t<\/div>\n\t\t<\/form>\n\t\t\t\t\t\t<\/div>\n\t\t\t\t<\/div>\n\t\t\t\t\t<\/div>\n\t\t<\/div>\n\t\t\t\t\t<\/div>\n\t\t<\/section>\n\t\t\t\t<\/div>\n\t\t","protected":false},"excerpt":{"rendered":"<p>Partnerschafts Richtlinien 1\u00a7 Fahrten f\u00fcr Andere: Jegliche Fahrten von Mitarbeitern durch Abrechnungsprogramme sind untersagt beidseitigen Einverst\u00e4ndnis ist dies jederzeit m\u00f6glich \u00a0 2\u00a7 [&hellip;]<\/p>\n","protected":false},"author":1,"featured_media":7201,"parent":0,"menu_order":0,"comment_status":"closed","ping_status":"closed","template":"","meta":{"footnotes":""},"class_list":["post-1737","page","type-page","status-publish","has-post-thumbnail","hentry"],"yoast_head":"<!-- This site is optimized with the Yoast SEO plugin v27.3 - https:\/\/yoast.com\/product\/yoast-seo-wordpress\/ -->\n<title>Partnerschaftsanfrage | Fuchs Transporte<\/title>\n<meta name=\"robots\" content=\"index, follow, max-snippet:-1, max-image-preview:large, max-video-preview:-1\" \/>\n<link rel=\"canonical\" href=\"https:\/\/fuchstransporte.org\/en\/partnerschaftsanfrage\/\" \/>\n<meta property=\"og:locale\" content=\"en_GB\" \/>\n<meta property=\"og:type\" content=\"article\" \/>\n<meta property=\"og:title\" content=\"Partnerschaftsanfrage | Fuchs Transporte\" \/>\n<meta property=\"og:description\" content=\"Partnerschafts Richtlinien 1\u00a7 Fahrten f\u00fcr Andere: Jegliche Fahrten von Mitarbeitern durch Abrechnungsprogramme sind untersagt beidseitigen Einverst\u00e4ndnis ist dies jederzeit m\u00f6glich \u00a0 2\u00a7 [&hellip;]\" \/>\n<meta property=\"og:url\" content=\"https:\/\/fuchstransporte.org\/en\/partnerschaftsanfrage\/\" \/>\n<meta property=\"og:site_name\" content=\"Fuchs Transporte\" \/>\n<meta property=\"article:modified_time\" content=\"2025-02-16T13:39:02+00:00\" \/>\n<meta property=\"og:image\" content=\"https:\/\/fuchstransporte.org\/wp-content\/uploads\/2025\/02\/ets2_20250205_234309_00-1024x576.png\" \/>\n\t<meta property=\"og:image:width\" content=\"1024\" \/>\n\t<meta property=\"og:image:height\" content=\"576\" \/>\n\t<meta property=\"og:image:type\" content=\"image\/png\" \/>\n<meta name=\"twitter:card\" content=\"summary_large_image\" \/>\n<meta name=\"twitter:label1\" content=\"Estimated reading time\" \/>\n\t<meta name=\"twitter:data1\" content=\"1 minute\" \/>\n<script type=\"application\/ld+json\" class=\"yoast-schema-graph\">{\"@context\":\"https:\\\/\\\/schema.org\",\"@graph\":[{\"@type\":\"WebPage\",\"@id\":\"https:\\\/\\\/fuchstransporte.org\\\/partnerschaftsanfrage\\\/\",\"url\":\"https:\\\/\\\/fuchstransporte.org\\\/partnerschaftsanfrage\\\/\",\"name\":\"Partnerschaftsanfrage | Fuchs Transporte\",\"isPartOf\":{\"@id\":\"https:\\\/\\\/fuchstransporte.org\\\/#website\"},\"primaryImageOfPage\":{\"@id\":\"https:\\\/\\\/fuchstransporte.org\\\/partnerschaftsanfrage\\\/#primaryimage\"},\"image\":{\"@id\":\"https:\\\/\\\/fuchstransporte.org\\\/partnerschaftsanfrage\\\/#primaryimage\"},\"thumbnailUrl\":\"https:\\\/\\\/i0.wp.com\\\/fuchstransporte.org\\\/wp-content\\\/uploads\\\/2025\\\/02\\\/ets2_20250205_234309_00.png?fit=2560%2C1440&ssl=1\",\"datePublished\":\"2023-01-31T17:39:17+00:00\",\"dateModified\":\"2025-02-16T13:39:02+00:00\",\"breadcrumb\":{\"@id\":\"https:\\\/\\\/fuchstransporte.org\\\/partnerschaftsanfrage\\\/#breadcrumb\"},\"inLanguage\":\"en-GB\",\"potentialAction\":[{\"@type\":\"ReadAction\",\"target\":[\"https:\\\/\\\/fuchstransporte.org\\\/partnerschaftsanfrage\\\/\"]}]},{\"@type\":\"ImageObject\",\"inLanguage\":\"en-GB\",\"@id\":\"https:\\\/\\\/fuchstransporte.org\\\/partnerschaftsanfrage\\\/#primaryimage\",\"url\":\"https:\\\/\\\/i0.wp.com\\\/fuchstransporte.org\\\/wp-content\\\/uploads\\\/2025\\\/02\\\/ets2_20250205_234309_00.png?fit=2560%2C1440&ssl=1\",\"contentUrl\":\"https:\\\/\\\/i0.wp.com\\\/fuchstransporte.org\\\/wp-content\\\/uploads\\\/2025\\\/02\\\/ets2_20250205_234309_00.png?fit=2560%2C1440&ssl=1\",\"width\":2560,\"height\":1440},{\"@type\":\"BreadcrumbList\",\"@id\":\"https:\\\/\\\/fuchstransporte.org\\\/partnerschaftsanfrage\\\/#breadcrumb\",\"itemListElement\":[{\"@type\":\"ListItem\",\"position\":1,\"name\":\"Startseite\",\"item\":\"https:\\\/\\\/fuchstransporte.org\\\/\"},{\"@type\":\"ListItem\",\"position\":2,\"name\":\"Partnerschaftsanfrage\"}]},{\"@type\":\"WebSite\",\"@id\":\"https:\\\/\\\/fuchstransporte.org\\\/#website\",\"url\":\"https:\\\/\\\/fuchstransporte.org\\\/\",\"name\":\"Fuchs Transporte\",\"description\":\"Die Profis im Transport! | VTC\",\"publisher\":{\"@id\":\"https:\\\/\\\/fuchstransporte.org\\\/#organization\"},\"potentialAction\":[{\"@type\":\"SearchAction\",\"target\":{\"@type\":\"EntryPoint\",\"urlTemplate\":\"https:\\\/\\\/fuchstransporte.org\\\/?s={search_term_string}\"},\"query-input\":{\"@type\":\"PropertyValueSpecification\",\"valueRequired\":true,\"valueName\":\"search_term_string\"}}],\"inLanguage\":\"en-GB\"},{\"@type\":\"Organization\",\"@id\":\"https:\\\/\\\/fuchstransporte.org\\\/#organization\",\"name\":\"Fuchs Transporte GmbH (Virtuell Spedition)\",\"url\":\"https:\\\/\\\/fuchstransporte.org\\\/\",\"logo\":{\"@type\":\"ImageObject\",\"inLanguage\":\"en-GB\",\"@id\":\"https:\\\/\\\/fuchstransporte.org\\\/#\\\/schema\\\/logo\\\/image\\\/\",\"url\":\"https:\\\/\\\/i0.wp.com\\\/fuchstransporte.org\\\/wp-content\\\/uploads\\\/2022\\\/06\\\/IMG_20220610_193129.png?fit=2633%2C1828&ssl=1\",\"contentUrl\":\"https:\\\/\\\/i0.wp.com\\\/fuchstransporte.org\\\/wp-content\\\/uploads\\\/2022\\\/06\\\/IMG_20220610_193129.png?fit=2633%2C1828&ssl=1\",\"width\":2633,\"height\":1828,\"caption\":\"Fuchs Transporte GmbH (Virtuell Spedition)\"},\"image\":{\"@id\":\"https:\\\/\\\/fuchstransporte.org\\\/#\\\/schema\\\/logo\\\/image\\\/\"},\"sameAs\":[\"https:\\\/\\\/www.youtube.com\\\/channel\\\/UCbsfFGQaJpYplT5ek18gXnw\",\"https:\\\/\\\/www.instagram.com\\\/ft_fuchstransporte\\\/\"]}]}<\/script>\n<!-- \/ Yoast SEO plugin. -->","yoast_head_json":{"title":"Partnerschaftsanfrage | Fuchs Transporte","robots":{"index":"index","follow":"follow","max-snippet":"max-snippet:-1","max-image-preview":"max-image-preview:large","max-video-preview":"max-video-preview:-1"},"canonical":"https:\/\/fuchstransporte.org\/en\/partnerschaftsanfrage\/","og_locale":"en_GB","og_type":"article","og_title":"Partnerschaftsanfrage | Fuchs Transporte","og_description":"Partnerschafts Richtlinien 1\u00a7 Fahrten f\u00fcr Andere: Jegliche Fahrten von Mitarbeitern durch Abrechnungsprogramme sind untersagt beidseitigen Einverst\u00e4ndnis ist dies jederzeit m\u00f6glich \u00a0 2\u00a7 [&hellip;]","og_url":"https:\/\/fuchstransporte.org\/en\/partnerschaftsanfrage\/","og_site_name":"Fuchs Transporte","article_modified_time":"2025-02-16T13:39:02+00:00","og_image":[{"width":1024,"height":576,"url":"https:\/\/fuchstransporte.org\/wp-content\/uploads\/2025\/02\/ets2_20250205_234309_00-1024x576.png","type":"image\/png"}],"twitter_card":"summary_large_image","twitter_misc":{"Estimated reading time":"1 minute"},"schema":{"@context":"https:\/\/schema.org","@graph":[{"@type":"WebPage","@id":"https:\/\/fuchstransporte.org\/partnerschaftsanfrage\/","url":"https:\/\/fuchstransporte.org\/partnerschaftsanfrage\/","name":"Partnerschaftsanfrage | Fuchs Transporte","isPartOf":{"@id":"https:\/\/fuchstransporte.org\/#website"},"primaryImageOfPage":{"@id":"https:\/\/fuchstransporte.org\/partnerschaftsanfrage\/#primaryimage"},"image":{"@id":"https:\/\/fuchstransporte.org\/partnerschaftsanfrage\/#primaryimage"},"thumbnailUrl":"https:\/\/i0.wp.com\/fuchstransporte.org\/wp-content\/uploads\/2025\/02\/ets2_20250205_234309_00.png?fit=2560%2C1440&ssl=1","datePublished":"2023-01-31T17:39:17+00:00","dateModified":"2025-02-16T13:39:02+00:00","breadcrumb":{"@id":"https:\/\/fuchstransporte.org\/partnerschaftsanfrage\/#breadcrumb"},"inLanguage":"en-GB","potentialAction":[{"@type":"ReadAction","target":["https:\/\/fuchstransporte.org\/partnerschaftsanfrage\/"]}]},{"@type":"ImageObject","inLanguage":"en-GB","@id":"https:\/\/fuchstransporte.org\/partnerschaftsanfrage\/#primaryimage","url":"https:\/\/i0.wp.com\/fuchstransporte.org\/wp-content\/uploads\/2025\/02\/ets2_20250205_234309_00.png?fit=2560%2C1440&ssl=1","contentUrl":"https:\/\/i0.wp.com\/fuchstransporte.org\/wp-content\/uploads\/2025\/02\/ets2_20250205_234309_00.png?fit=2560%2C1440&ssl=1","width":2560,"height":1440},{"@type":"BreadcrumbList","@id":"https:\/\/fuchstransporte.org\/partnerschaftsanfrage\/#breadcrumb","itemListElement":[{"@type":"ListItem","position":1,"name":"Startseite","item":"https:\/\/fuchstransporte.org\/"},{"@type":"ListItem","position":2,"name":"Partnerschaftsanfrage"}]},{"@type":"WebSite","@id":"https:\/\/fuchstransporte.org\/#website","url":"https:\/\/fuchstransporte.org\/","name":"Fuchs Transporte","description":"Die Profis im Transport! | VTC","publisher":{"@id":"https:\/\/fuchstransporte.org\/#organization"},"potentialAction":[{"@type":"SearchAction","target":{"@type":"EntryPoint","urlTemplate":"https:\/\/fuchstransporte.org\/?s={search_term_string}"},"query-input":{"@type":"PropertyValueSpecification","valueRequired":true,"valueName":"search_term_string"}}],"inLanguage":"en-GB"},{"@type":"Organization","@id":"https:\/\/fuchstransporte.org\/#organization","name":"Fuchs Transporte GmbH (Virtuell Spedition)","url":"https:\/\/fuchstransporte.org\/","logo":{"@type":"ImageObject","inLanguage":"en-GB","@id":"https:\/\/fuchstransporte.org\/#\/schema\/logo\/image\/","url":"https:\/\/i0.wp.com\/fuchstransporte.org\/wp-content\/uploads\/2022\/06\/IMG_20220610_193129.png?fit=2633%2C1828&ssl=1","contentUrl":"https:\/\/i0.wp.com\/fuchstransporte.org\/wp-content\/uploads\/2022\/06\/IMG_20220610_193129.png?fit=2633%2C1828&ssl=1","width":2633,"height":1828,"caption":"Fuchs Transporte GmbH (Virtuell Spedition)"},"image":{"@id":"https:\/\/fuchstransporte.org\/#\/schema\/logo\/image\/"},"sameAs":["https:\/\/www.youtube.com\/channel\/UCbsfFGQaJpYplT5ek18gXnw","https:\/\/www.instagram.com\/ft_fuchstransporte\/"]}]}},"jetpack_sharing_enabled":true,"_links":{"self":[{"href":"https:\/\/fuchstransporte.org\/en\/wp-json\/wp\/v2\/pages\/1737","targetHints":{"allow":["GET"]}}],"collection":[{"href":"https:\/\/fuchstransporte.org\/en\/wp-json\/wp\/v2\/pages"}],"about":[{"href":"https:\/\/fuchstransporte.org\/en\/wp-json\/wp\/v2\/types\/page"}],"author":[{"embeddable":true,"href":"https:\/\/fuchstransporte.org\/en\/wp-json\/wp\/v2\/users\/1"}],"replies":[{"embeddable":true,"href":"https:\/\/fuchstransporte.org\/en\/wp-json\/wp\/v2\/comments?post=1737"}],"version-history":[{"count":10,"href":"https:\/\/fuchstransporte.org\/en\/wp-json\/wp\/v2\/pages\/1737\/revisions"}],"predecessor-version":[{"id":7204,"href":"https:\/\/fuchstransporte.org\/en\/wp-json\/wp\/v2\/pages\/1737\/revisions\/7204"}],"wp:featuredmedia":[{"embeddable":true,"href":"https:\/\/fuchstransporte.org\/en\/wp-json\/wp\/v2\/media\/7201"}],"wp:attachment":[{"href":"https:\/\/fuchstransporte.org\/en\/wp-json\/wp\/v2\/media?parent=1737"}],"curies":[{"name":"wp","href":"https:\/\/api.w.org\/{rel}","templated":true}]}}